{"id":40351,"date":"2026-03-17T14:57:27","date_gmt":"2026-03-17T13:57:27","guid":{"rendered":"https:\/\/www.issrdipadova.it\/?page_id=40351"},"modified":"2026-03-17T17:23:26","modified_gmt":"2026-03-17T16:23:26","slug":"pulchra-1","status":"publish","type":"page","link":"https:\/\/www.issrdipadova.it\/?page_id=40351","title":{"rendered":"PULCHRA"},"content":{"rendered":"<p>La Scuola di Alta Formazione in Arte e Cultura Religiosa della <strong>Facolt\u00e0 Teologica del Triveneto,<\/strong> promossa e organizzata dall<strong>\u2019Istituto di Superiore di Scienze Religiose di Padova, <\/strong>propone \u00a0un percorso formativo di alto profilo rivolto a tutti coloro che desiderano acquisire competenze specifiche nella valorizzazione del patrimonio artistico e culturale della Chiesa e nell\u2019accompagnamento di pellegrinaggi in Italia e nel mondo.<\/p>\n<p>Si tratta di nun\u2019esperienza formativa che integra conoscenza, spiritualit\u00e0 e capacit\u00e0 progettuale, offrendo strumenti concreti per operare in ambito culturale e religioso con competenza e sensibilit\u00e0.<\/p>\n<p><strong>Finalit\u00e0<\/strong><\/p>\n<p>La scuola intende formare degli operatori per una <em>pastorale della cultura<\/em> attraverso la valorizzazione del patrimonio storico-artistico, architettonico, museale, archivistico e bibliotecario ecclesiastico come risorsa per l&#8217;evangelizzazione e la crescita personale.<\/p>\n<p>La scuola offre un percorso di formazione in vista di una qualificazione di tutti gli operatori del settore perch\u00e9 possano acquisire competenze:<\/p>\n<ul>\n<li>nell&#8217;accompagnamento dei fruitori dei beni ecclesiastici, del turismo culturale e religioso;<\/li>\n<li>nella promozione e progettazione di percorsi e iniziative di valorizzazione del patrimonio.<\/li>\n<\/ul>\n<p>&nbsp;<\/p>\n<p><strong>Titolo rilasciato e requisiti di accesso<\/strong><\/p>\n<p>Al termine del percorso di studi viene rilasciato un<strong> Diploma di Alta formazione in Arte e Cultura religiosa<\/strong> (cf. Regolamento di Facolt\u00e0, Parte seconda-IV).<\/p>\n<p>Per iscriversi e conseguire il diploma \u00e8 necessario possedere una Laurea triennale.<\/p>\n<p>Per consultare il regolamento di PULCHRA puoi scaricarlo <a href=\"https:\/\/www.issrdipadova.it\/wp-content\/uploads\/sites\/3\/2026\/03\/Allegato-1-PULCHRA-Regolamento.pdf\" target=\"_blank\" rel=\"noopener\"><em>QUI.\u00a0<\/em><\/a><\/p>\n<p>&nbsp;<\/p>\n<h4 style=\"text-align: center\"><strong>PERCORSI PULCHRA<\/strong><\/h4>\n<p>Seleziona il percorso di tuo interesse per approfondire:<\/p>\n<h3><a href=\"https:\/\/www.issrdipadova.it\/?page_id=40369\" target=\"_blank\" rel=\"noopener\"><strong>CAMMINI &amp; PELLEGRINAGGI<\/strong><\/a><\/h3>\n<h3><a href=\"https:\/\/www.issrdipadova.it\/?page_id=4980\" target=\"_blank\" rel=\"noopener\"><strong>ARTE &amp; FEDE<\/strong><\/a><\/h3>\n<p><a href=\"https:\/\/www.issrdipadova.it\/?page_id=4980\" target=\"_blank\" rel=\"noopener\">\u00a0 \u00a0<\/a><\/p>\n","protected":false},"excerpt":{"rendered":"<p>La Scuola di Alta Formazione in Arte e Cultura Religiosa della Facolt\u00e0 Teologica del Triveneto, promossa e organizzata dall\u2019Istituto di Superiore di Scienze Religiose di Padova, propone \u00a0un percorso formativo di alto profilo rivolto a tutti coloro che desiderano acquisire &hellip; <a href=\"https:\/\/www.issrdipadova.it\/?page_id=40351\" class=\"more-link\">Continua <span class=\"screen-reader-text\">PULCHRA<\/span> <span class=\"meta-nav\">&raquo;<\/span><\/a><\/p>\n","protected":false},"author":494,"featured_media":32435,"parent":0,"menu_order":0,"comment_status":"closed","ping_status":"closed","template":"","meta":{"ip_address":"","user_agent":"","level":"","revision":"","cookie_id":"","page_referer":"","html_form":""},"acf":[],"_links":{"self":[{"href":"https:\/\/www.issrdipadova.it\/index.php?rest_route=\/wp\/v2\/pages\/40351"}],"collection":[{"href":"https:\/\/www.issrdipadova.it\/index.php?rest_route=\/wp\/v2\/pages"}],"about":[{"href":"https:\/\/www.issrdipadova.it\/index.php?rest_route=\/wp\/v2\/types\/page"}],"author":[{"embeddable":true,"href":"https:\/\/www.issrdipadova.it\/index.php?rest_route=\/wp\/v2\/users\/494"}],"replies":[{"embeddable":true,"href":"https:\/\/www.issrdipadova.it\/index.php?rest_route=%2Fwp%2Fv2%2Fcomments&post=40351"}],"version-history":[{"count":4,"href":"https:\/\/www.issrdipadova.it\/index.php?rest_route=\/wp\/v2\/pages\/40351\/revisions"}],"predecessor-version":[{"id":40377,"href":"https:\/\/www.issrdipadova.it\/index.php?rest_route=\/wp\/v2\/pages\/40351\/revisions\/40377"}],"wp:featuredmedia":[{"embeddable":true,"href":"https:\/\/www.issrdipadova.it\/index.php?rest_route=\/wp\/v2\/media\/32435"}],"wp:attachment":[{"href":"https:\/\/www.issrdipadova.it\/index.php?rest_route=%2Fwp%2Fv2%2Fmedia&parent=40351"}],"curies":[{"name":"wp","href":"https:\/\/api.w.org\/{rel}","templated":true}]}}