{"id":3253,"date":"2022-05-03T16:06:03","date_gmt":"2022-05-03T14:06:03","guid":{"rendered":"https:\/\/www.issrdipadova.it\/?page_id=3253"},"modified":"2024-03-26T16:23:24","modified_gmt":"2024-03-26T15:23:24","slug":"percorsi-tematici-2023-2024","status":"publish","type":"page","link":"https:\/\/www.issrdipadova.it\/?page_id=3253","title":{"rendered":"Percorsi tematici 2023-2024"},"content":{"rendered":"<h5 style=\"text-align: center\">Nuove proposte tematiche<\/h5>\n<h5 style=\"text-align: center\">per il prossimo anno accademico!<\/h5>\n<p style=\"text-align: center\">Anticipiamo di seguito qualche dettaglio\u2026.<\/p>\n<p>&nbsp;<\/p>\n<h4 style=\"color: #444444;text-align: center\" data-wpview-marker=\"https%3A%2F%2Fwww.canva.com%2Fdesign%2FDAFbrMHxvQI%2FrMrUkRVEAFg3GAoIS47EoQ%2Fedit\"><img loading=\"lazy\" class=\"wp-image-3704 aligncenter\" src=\"https:\/\/www.issrdipadova.it\/wp-content\/uploads\/sites\/3\/2023\/03\/Copertina-ECUMENICO-E-INTERRELIGIOSO.jpg\" alt=\"\" width=\"239\" height=\"93\" srcset=\"https:\/\/www.issrdipadova.it\/wp-content\/uploads\/sites\/3\/2023\/03\/Copertina-ECUMENICO-E-INTERRELIGIOSO.jpg 551w, https:\/\/www.issrdipadova.it\/wp-content\/uploads\/sites\/3\/2023\/03\/Copertina-ECUMENICO-E-INTERRELIGIOSO-300x117.jpg 300w, https:\/\/www.issrdipadova.it\/wp-content\/uploads\/sites\/3\/2023\/03\/Copertina-ECUMENICO-E-INTERRELIGIOSO-360x140.jpg 360w\" sizes=\"(max-width: 239px) 100vw, 239px\" \/><\/h4>\n<h4 style=\"text-align: center\" data-wpview-marker=\"https%3A%2F%2Fwww.canva.com%2Fdesign%2FDAFbrMHxvQI%2FrMrUkRVEAFg3GAoIS47EoQ%2Fedit\"><a class=\"wpfs button primary small \" href=\"https:\/\/www.canva.com\/design\/DAFa8BhQibs\/EZCrfcuPhj4KRovqoI0J-g\/view?utm_content=DAFa8BhQibs&amp;utm_campaign=designshare&amp;utm_medium=link&amp;utm_source=publishsharelink\" target=\"_blank\" rel=\"noopener\">ECUMENICO E INTERRELIGIOSO<\/a><\/h4>\n<p class=\"_04xlpA direction-ltr align-start para-style-body\"><span class=\"WdYUQQ text-decoration-none text-strikethrough-none\">Il percorso intende offrire una iniziale conoscenza sia del dialogo ecumenico, cio\u00e8 dell\u2019incontro tra cristiani appartenenti a diverse confessioni, <\/span><span class=\"WdYUQQ text-decoration-none text-strikethrough-none\">sia del dialogo interreligioso, cio\u00e8 dell\u2019incontro tra cristiani e credenti <\/span><span class=\"WdYUQQ text-decoration-none text-strikethrough-none\">di altre esperienze religiose. <\/span><span class=\"WdYUQQ text-decoration-none text-strikethrough-none\">Quali sono i presupposti? Quali le forme di dialogo? Quali le questioni teologiche sottese? <\/span><span class=\"WdYUQQ text-decoration-none text-strikethrough-none\">Un\u2019occasione per abitare con maggiore consapevolezza l\u2019attuale societ\u00e0 nella quale le presenze di cristiani di confessioni diverse e di persone di varie religioni \u00e8 un\u2019esperienza quotidiana nelle scuole, negli ospedali, nel mondo del lavoro. <\/span><span class=\"S1PPyQ\">continua a leggere\u2026 <a href=\"https:\/\/www.canva.com\/design\/DAFa8BhQibs\/EZCrfcuPhj4KRovqoI0J-g\/view?utm_content=DAFa8BhQibs&amp;utm_campaign=designshare&amp;utm_medium=link&amp;utm_source=publishsharelink\" target=\"_blank\" rel=\"noopener\"><span style=\"color: #3366ff\"><strong>QUI<\/strong><\/span><\/a><\/span><\/p>\n<hr \/>\n<h4 style=\"text-align: center\" data-wpview-marker=\"https%3A%2F%2Fwww.canva.com%2Fdesign%2FDAFbrMHxvQI%2FrMrUkRVEAFg3GAoIS47EoQ%2Fedit\"><img loading=\"lazy\" class=\"wp-image-3703 aligncenter\" src=\"https:\/\/www.issrdipadova.it\/wp-content\/uploads\/sites\/3\/2023\/03\/Copertina-DIGITALE.jpg\" alt=\"\" width=\"102\" height=\"111\" \/><\/h4>\n<h4 style=\"text-align: center\" data-wpview-marker=\"https%3A%2F%2Fwww.canva.com%2Fdesign%2FDAFbrMHxvQI%2FrMrUkRVEAFg3GAoIS47EoQ%2Fedit\"><a class=\"wpfs button primary small \" href=\"https:\/\/www.canva.com\/design\/DAFbkxEa9iI\/KVVHtkzqQH0P5HhxRYOU1w\/view?utm_content=DAFbkxEa9iI&amp;utm_campaign=designshare&amp;utm_medium=link&amp;utm_source=publishsharelink\" target=\"_blank\" rel=\"noopener\">DIGITALE<\/a><\/h4>\n<p><span class=\"S1PPyQ\">Non possiamo ignorare la pervasivit\u00e0 degli strumenti digitali che pone questioni antropologiche, di senso e interroga sulle possibilit\u00e0 e modalit\u00e0 di formare. Genitori, insegnanti ed educatori si trovano ad affrontare una sfida inedita ma ineludibile.<\/span><span class=\"S1PPyQ\">Come affinare percorsi formativi per le nuove generazioni, anche in ambito di fede? Come educare ad\u00a0<em>un<\/em>\u00a0uso responsabile i giovani ma anche a usufruire delle potenzialit\u00e0 comunicative, informative e relazionale che questi strumenti offrono? continua a leggere\u2026\u00a0<strong><a href=\"https:\/\/www.canva.com\/design\/DAFbkxEa9iI\/KVVHtkzqQH0P5HhxRYOU1w\/view?utm_content=DAFbkxEa9iI&amp;utm_campaign=designshare&amp;utm_medium=link&amp;utm_source=publishsharelink\" target=\"_blank\" rel=\"noopener\">QUI<\/a><\/strong><\/span><\/p>\n<hr \/>\n<h4><img loading=\"lazy\" class=\"wp-image-3700 aligncenter\" src=\"https:\/\/www.issrdipadova.it\/wp-content\/uploads\/sites\/3\/2023\/03\/Copertina-ARTISTICO.jpg\" alt=\"\" width=\"99\" height=\"95\" \/><\/h4>\n<h4 style=\"text-align: center\"><a class=\"wpfs button primary small \" href=\"https:\/\/www.canva.com\/design\/DAFbeW_eK9I\/6fB6ZR8OT29sHfrW2b16dg\/view?utm_content=DAFbeW_eK9I&amp;utm_campaign=designshare&amp;utm_medium=link&amp;utm_source=publishsharelink\" target=\"_blank\" rel=\"noopener\">ARTISTICO<\/a><\/h4>\n<p><span class=\"S1PPyQ\">Sappiamo \u201cleggere\u201d e non solo vedere una opera d\u2019arte cogliendone il senso teologico? Abbiamo sufficienti competenze per utilizzarla con una finalit\u00e0 pedagogica nella comunicazione della fede?\u00a0<\/span><span class=\"S1PPyQ\">I corsi di approfondimento sull\u2019arte cristiana hanno lo scopo di aiutare a entrare in profondit\u00e0 nel vasto e ricco panorama artistico. Varie sono le forme che verranno esplorate, da quelle antiche come le\u00a0<\/span><em><span class=\"S1PPyQ\">icone classiche<\/span><\/em><span class=\"S1PPyQ\">,\u00a0<\/span><span class=\"S1PPyQ\">alla settima arte come il\u00a0<\/span><em><span class=\"S1PPyQ\">Cinema<\/span><\/em>\u00a0<span class=\"S1PPyQ\">di ispirazione religiosa.\u00a0<\/span><span class=\"S1PPyQ\">Varie anche le prospettive: nel confronto con l\u2019estetica nelle altre religioni e nell\u2019approfondimento della centralit\u00e0 del mistero pasquale nel cristianesimo. continua a leggere\u2026\u00a0<a href=\"https:\/\/www.canva.com\/design\/DAFbeW_eK9I\/6fB6ZR8OT29sHfrW2b16dg\/view?utm_content=DAFbeW_eK9I&amp;utm_campaign=designshare&amp;utm_medium=link&amp;utm_source=publishsharelink\" target=\"_blank\" rel=\"noopener\"><strong>QUI<\/strong><\/a><\/span><\/p>\n<hr \/>\n<h4><img loading=\"lazy\" class=\"wp-image-3702 aligncenter\" src=\"https:\/\/www.issrdipadova.it\/wp-content\/uploads\/sites\/3\/2023\/03\/Copertina-CULTURALE.jpg\" alt=\"\" width=\"133\" height=\"93\" \/><\/h4>\n<h4 style=\"text-align: center\"><a class=\"wpfs button primary small \" href=\"https:\/\/www.canva.com\/design\/DAFbrMHxvQI\/MXCfZIvTq7vnNLeKuSnmXw\/view?utm_content=DAFbrMHxvQI&amp;utm_campaign=designshare&amp;utm_medium=link&amp;utm_source=publishsharelink\" target=\"_blank\" rel=\"noopener\">CULTURALE<\/a><\/h4>\n<p><span class=\"S1PPyQ\">Viviamo un cambio d\u2019epoca. Fatti ed eventi del mondo attraversano il nostro quotidiano. Chiamati ad abitare la transizione, abbiamo bisogno di strumenti concettuali e di senso per cogliere la portata del tempo presente. La cultura \u00e8 prodotto dell\u2019uomo come esplicitazione della sua sensibilit\u00e0, dei suoi valori, delle sue rappresentazioni. Quali categorie antropologiche, bibliche e teologiche possiamo acquisire per abitare questo tempo complesso ma ricco di sfide e di potenzialit\u00e0?\u00a0<\/span>continua a leggere\u2026<a href=\"https:\/\/www.canva.com\/design\/DAFbrMHxvQI\/MXCfZIvTq7vnNLeKuSnmXw\/view?utm_content=DAFbrMHxvQI&amp;utm_campaign=designshare&amp;utm_medium=link&amp;utm_source=publishsharelink\" target=\"_blank\" rel=\"noopener\"><strong>QUI<\/strong><\/a><\/p>\n","protected":false},"excerpt":{"rendered":"<p>Nuove proposte tematiche per il prossimo anno accademico! Anticipiamo di seguito qualche dettaglio\u2026. &nbsp; ECUMENICO E INTERRELIGIOSO Il percorso intende offrire una iniziale conoscenza sia del dialogo ecumenico, cio\u00e8 dell\u2019incontro tra cristiani appartenenti a diverse confessioni, sia del dialogo interreligioso, &hellip; <a href=\"https:\/\/www.issrdipadova.it\/?page_id=3253\" class=\"more-link\">Continua <span class=\"screen-reader-text\">Percorsi tematici 2023-2024<\/span> <span class=\"meta-nav\">&raquo;<\/span><\/a><\/p>\n","protected":false},"author":474,"featured_media":3654,"parent":0,"menu_order":0,"comment_status":"closed","ping_status":"closed","template":"","meta":{"ip_address":"","user_agent":"","level":"","revision":"","cookie_id":"","page_referer":"","html_form":""},"acf":[],"_links":{"self":[{"href":"https:\/\/www.issrdipadova.it\/index.php?rest_route=\/wp\/v2\/pages\/3253"}],"collection":[{"href":"https:\/\/www.issrdipadova.it\/index.php?rest_route=\/wp\/v2\/pages"}],"about":[{"href":"https:\/\/www.issrdipadova.it\/index.php?rest_route=\/wp\/v2\/types\/page"}],"author":[{"embeddable":true,"href":"https:\/\/www.issrdipadova.it\/index.php?rest_route=\/wp\/v2\/users\/474"}],"replies":[{"embeddable":true,"href":"https:\/\/www.issrdipadova.it\/index.php?rest_route=%2Fwp%2Fv2%2Fcomments&post=3253"}],"version-history":[{"count":3,"href":"https:\/\/www.issrdipadova.it\/index.php?rest_route=\/wp\/v2\/pages\/3253\/revisions"}],"predecessor-version":[{"id":17319,"href":"https:\/\/www.issrdipadova.it\/index.php?rest_route=\/wp\/v2\/pages\/3253\/revisions\/17319"}],"wp:featuredmedia":[{"embeddable":true,"href":"https:\/\/www.issrdipadova.it\/index.php?rest_route=\/wp\/v2\/media\/3654"}],"wp:attachment":[{"href":"https:\/\/www.issrdipadova.it\/index.php?rest_route=%2Fwp%2Fv2%2Fmedia&parent=3253"}],"curies":[{"name":"wp","href":"https:\/\/api.w.org\/{rel}","templated":true}]}}