{"id":273,"date":"2017-07-18T00:00:00","date_gmt":"2017-07-17T22:00:00","guid":{"rendered":"https:\/\/www.issrdipadova.it\/calendario-e-orario\/"},"modified":"2026-03-05T11:19:53","modified_gmt":"2026-03-05T10:19:53","slug":"calendario-e-orario","status":"publish","type":"page","link":"https:\/\/www.issrdipadova.it\/?page_id=273","title":{"rendered":"Calendario e orario"},"content":{"rendered":"<p>L\u2019Istituto inizia normalmente le sue attivit\u00e0 nel mese di settembre, rimanendo aperto fino alla met\u00e0 di luglio, con due chiusure programmate in occasione delle festivit\u00e0 natalizie e pasquali, comunicate fin da inizio anno nel calendario accademico.<\/p>\n<hr \/>\n<p>Le <a href=\"https:\/\/www.issrdipadova.it\/wp-content\/uploads\/sites\/3\/2025\/02\/2.Triennio-ISSR-2024-2025-CON-AULE-2-SEM.pdf\" target=\"_blank\" rel=\"noopener\"><span style=\"color: #0000ff\"><strong>lezioni<\/strong> <strong>del triennio<\/strong><\/span><\/a>\u00a0si svolgono:<br \/>\nmercoled\u00ec dalle 14.15 alle 18.20 &#8211; gioved\u00ec dalle 08.45\u00a0alle 12.15<br \/>\nvenerd\u00ec dalle 14.45 alle 18.50 &#8211; sabato dalle 8.45 alle 12.50<br \/>\nNell\u2019 Anno Accademico 2025\/2026 i corsi iniziano:<\/p>\n<ul>\n<li>primo semestre, da venerd\u00ec <strong>26 settembre<\/strong> <strong>2025<\/strong> a sabato<strong> 20 dicembre 2025<\/strong><\/li>\n<li>secondo semestre, mercoled\u00ec <strong>14 febbraio 2026<\/strong> a\u00a0luned\u00ec<strong> 23 maggio 2026\u00a0<\/strong><\/li>\n<\/ul>\n<p>Il calendario aggiornato lo puoi scaricare <a href=\"https:\/\/www.issrdipadova.it\/wp-content\/uploads\/sites\/3\/2026\/03\/ORARIO-Triennio-ISSR-2025-2026-10.02.2026.pdf\" target=\"_blank\" rel=\"noopener\">QUI.<\/a><\/p>\n<hr \/>\n<p>Le <a href=\"https:\/\/www.issrdipadova.it\/wp-content\/uploads\/sites\/3\/2025\/02\/3.BIENNIO-2024-2025-CON-AULE-2-SEM.pdf\" target=\"_blank\" rel=\"noopener\"><span style=\"color: #ff0000\"><strong>lez<\/strong><\/span><span style=\"color: #ff0000\"><strong>i<\/strong><\/span><span style=\"color: #ff0000\"><strong>oni <\/strong><strong>del biennio<\/strong><\/span><\/a>\u00a0si svolgono:<br \/>\nmercoled\u00ec, gioved\u00ec e venerd\u00ec dalle 14.45 alle 18.50<br \/>\nNell\u2019 Anno Accademico 2024\/2025 i corsi iniziano:<\/p>\n<ul>\n<li>primo semestre, da venerd\u00ec <strong>26 settembre<\/strong> <strong>2025<\/strong> a sabato<strong> 20 dicembre 2025<\/strong><\/li>\n<li>secondo semestre, sabato <strong>14 febbraio 2026<\/strong>\u00a0a sabato <strong>23 maggio 2026\u00a0<\/strong><\/li>\n<\/ul>\n<p>Eventuali variazioni di orario dei corsi sono sempre comunicate nella pagina \u201c<a href=\"\/avvisi-studenti\/\">Avvisi studenti<\/a>\u201d, oltre che nella bacheca avvisi presente in sede.<\/p>\n<p>Il calendario aggiornato lo puoi scaricare <a href=\"https:\/\/www.issrdipadova.it\/wp-content\/uploads\/sites\/3\/2026\/03\/ISSR-ORARIO-Biennio-2025-2026_-rev-10.02.2026-1.pdf\" target=\"_blank\" rel=\"noopener\">QUI.<\/a><\/p>\n<p>&nbsp;<\/p>\n","protected":false},"excerpt":{"rendered":"<p>L\u2019Istituto inizia normalmente le sue attivit\u00e0 nel mese di settembre, rimanendo aperto fino alla met\u00e0 di luglio, con due chiusure programmate in occasione delle festivit\u00e0 natalizie e pasquali, comunicate fin da inizio anno nel calendario accademico. Le lezioni del triennio\u00a0si &hellip; <a href=\"https:\/\/www.issrdipadova.it\/?page_id=273\" class=\"more-link\">Continua <span class=\"screen-reader-text\">Calendario e orario<\/span> <span class=\"meta-nav\">&raquo;<\/span><\/a><\/p>\n","protected":false},"author":3,"featured_media":0,"parent":0,"menu_order":0,"comment_status":"closed","ping_status":"open","template":"","meta":{"ip_address":"","user_agent":"","level":"","revision":"","cookie_id":"","page_referer":"","html_form":""},"acf":[],"_links":{"self":[{"href":"https:\/\/www.issrdipadova.it\/index.php?rest_route=\/wp\/v2\/pages\/273"}],"collection":[{"href":"https:\/\/www.issrdipadova.it\/index.php?rest_route=\/wp\/v2\/pages"}],"about":[{"href":"https:\/\/www.issrdipadova.it\/index.php?rest_route=\/wp\/v2\/types\/page"}],"author":[{"embeddable":true,"href":"https:\/\/www.issrdipadova.it\/index.php?rest_route=\/wp\/v2\/users\/3"}],"replies":[{"embeddable":true,"href":"https:\/\/www.issrdipadova.it\/index.php?rest_route=%2Fwp%2Fv2%2Fcomments&post=273"}],"version-history":[{"count":5,"href":"https:\/\/www.issrdipadova.it\/index.php?rest_route=\/wp\/v2\/pages\/273\/revisions"}],"predecessor-version":[{"id":40112,"href":"https:\/\/www.issrdipadova.it\/index.php?rest_route=\/wp\/v2\/pages\/273\/revisions\/40112"}],"wp:attachment":[{"href":"https:\/\/www.issrdipadova.it\/index.php?rest_route=%2Fwp%2Fv2%2Fmedia&parent=273"}],"curies":[{"name":"wp","href":"https:\/\/api.w.org\/{rel}","templated":true}]}}