{"id":269,"date":"2017-07-18T00:00:00","date_gmt":"2017-07-17T22:00:00","guid":{"rendered":"https:\/\/www.issrdipadova.it\/iscrizioni\/"},"modified":"2025-07-25T13:33:50","modified_gmt":"2025-07-25T11:33:50","slug":"iscrizioni","status":"publish","type":"page","link":"https:\/\/www.issrdipadova.it\/?page_id=269","title":{"rendered":"Iscrizioni"},"content":{"rendered":"<p><strong>PRE-IMMATRICOLAZIONE ONLINE<\/strong> \u2013 Dall\u2019aa 2024\/2025 \u00e8 possibile effettuare online la propria domanda di immatricolazione, inoltrandola direttamente alla segreteria dell&#8217;Istituto (<a href=\"https:\/\/fttr.discite.it\/gsd\/SERVICES\/richiesta_iscrizione\/index.jsp\" target=\"_blank\" rel=\"noopener noreferrer\"><strong>clicca qui<\/strong><\/a>)<\/p>\n<hr \/>\n<p style=\"text-align: justify\">Prima di procedere all&#8217;iscrizione \u00e8 richiesto <strong>un colloquio con il Direttore<\/strong> (previo appuntamento, da fissare al telefono o di persona in Segreteria) al quale lo studente deve presentarsi con i documenti indicati di seguito in questa pagina.<\/p>\n<p style=\"text-align: justify\">Per entrambi i cicli di studio \u00e8 possibile iscriversi come:<\/p>\n<ul style=\"text-align: justify\">\n<li><strong>studente ordinario<\/strong>: \u00e8 richiesta la frequenza a tutti o alla maggior parte dei corsi;<\/li>\n<li><strong>studente uditore<\/strong>: per chi desidera frequentare un numero limitato di corsi.<\/li>\n<\/ul>\n<p style=\"text-align: justify\">In entrambi i casi gli studenti possono sostenere gli esami dopo aver frequentato i corsi.<\/p>\n<p style=\"text-align: justify\">Le iscrizioni per l&#8217;anno accademico <strong>2025-26 <\/strong>sono aperte <strong>dal 24 maggio al 18 luglio e dal 25 agosto al 23 settembre 2025<\/strong>.<\/p>\n<p style=\"text-align: justify\"><strong>clicca <span style=\"color: #ff6600\"><a style=\"color: #ff6600\" href=\"https:\/\/www.issrdipadova.it\/per-conoscere-listituto-superiore-di-scienze-religiose-di-padova\/\" target=\"_blank\" rel=\"noopener noreferrer\">qui<\/a><\/span> per vedere il video promozionale, <a href=\"https:\/\/www.issrdipadova.it\/wp-content\/uploads\/sites\/3\/2022\/04\/Redazionale-direttore-aprile-2022.mp4\" target=\"_blank\" rel=\"noopener noreferrer\"><span style=\"color: #ff6600\">qui<\/span><\/a> per il saluto del direttore e <a href=\"https:\/\/www.issrdipadova.it\/wp-content\/uploads\/sites\/3\/2022\/04\/Issr-2022-2023-140422.pdf\" target=\"_blank\" rel=\"noopener noreferrer\"><span style=\"color: #ff6600\">qui <\/span><\/a><\/strong><span style=\"color: #808080\">per il depliant\u00a0 del nuovo anno accademico.<\/span><\/p>\n<p style=\"text-align: justify\">E&#8217; possibile iscriversi a singoli corsi del secondo semestre (come uditori) <strong>fino al 10 febbraio 2026<\/strong>.<\/p>\n<hr \/>\n<p style=\"text-align: justify\"><strong>Requisiti d&#8217;ammissione:<\/strong><\/p>\n<p style=\"text-align: justify\">Per il corso di <b>Baccalaureato <\/b>(Laurea triennale): diploma di maturit\u00e0 italiano o, per gli studenti stranieri, la traduzione del titolo di studio richiesto per l\u2019ammissione all\u2019Universit\u00e0 civile della propria nazione e la dichia\u00adrazione della validit\u00e0 del titolo per l\u2019accesso all\u2019Universit\u00e0 del Paese d\u2019origine.<\/p>\n<p style=\"text-align: justify\">Per il corso di <strong>Licenza <\/strong>(Laurea magistrale): agli studenti ordinari \u00e8 richiesto il Baccalureato in Scienze Religiose (Laurea triennale); agli uditori \u00e8 richiesto il diploma di maturit\u00e0.<\/p>\n<hr \/>\n<p style=\"text-align: justify\"><strong>Documentazione da presentare per l&#8217;iscrizione:<\/strong><\/p>\n<ol>\n<li style=\"text-align: justify\"><strong> Tasse accademiche<\/strong>: il pagamento avviene tramite bonifico bancario (<span style=\"color: #ff6600\"><a style=\"color: #ff6600\" href=\"https:\/\/www.issrdipadova.it\/?page_id=270\" target=\"_blank\" rel=\"noopener\">vedi gli importi delle tasse\u00a0\u25ba<\/a><\/span>). Studenti ordinari\/straordinari: I rata entro il 22.09.2025, II rata entro il 30.11.2025; oppure rata unica entro il 22.09.2025. Studenti uditori: entro il 22.09.2025 (la quota viene calcolata sulla base dei corsi scelti).<\/li>\n<li><strong> Diploma di maturit\u00e0<\/strong>: fotocopia conforme all&#8217;originale;<\/li>\n<li>Tre <strong>foto<\/strong> formato tessera con il proprio nome indicato sul retro;<\/li>\n<li>Carta d\u2019identit\u00e0 e codice fiscale;<\/li>\n<li>Domanda di iscrizione su appositi moduli (consulta la pagina &#8220;<span style=\"color: #ff6600\"><a style=\"color: #ff6600\" href=\"https:\/\/www.issrdipadova.it\/?page_id=271\" target=\"_blank\" rel=\"noopener\">Modulistica<\/a><\/span>&#8220;);<\/li>\n<li><strong> Lettera di presentazione<\/strong>: per i laici, dichiarazione del proprio parroco (in casi particolari di un altro sacerdote) attestante l\u2019idoneit\u00e0 e la possibilit\u00e0 di frequentare l\u2019Istituto; per i religiosi\/e la dichiarazione del Superiore Maggiore che autorizza la frequenza ai corsi;<\/li>\n<li>Compilazione del piano di studi con l\u2019elenco dei corsi che si intendono frequentare (su modulo fornito dalla Segreteria e solo nel caso in cui lo studente non segua tutti e soltanto i corsi previsti\u00a0per il proprio anno di corso);<\/li>\n<li>Eventuali certificazioni di studi compiuti per l\u2019omologazione di esami.<\/li>\n<\/ol>\n<hr \/>\n<p style=\"text-align: justify\">Coloro che hanno conseguito il titolo di<strong>\u00a0Diploma in Scienze Religiose<\/strong>\u00a0o il titolo di<strong>\u00a0Magistero in Scienze Religiose<\/strong>\u00a0possono conseguire rispettivamente i nuovi titoli di <strong>Baccalaureato in Scienze Religiose<\/strong> (Laurea triennale) e di <strong>Licenza in Scienze Religiose <\/strong>(Laurea magistrale), con la seguente modalit\u00e0:<\/p>\n<ul>\n<li style=\"text-align: justify\">frequenza ad alcuni corsi, preparazione di un elaborato scritto ed esame orale finale (complessivamente 25 crediti formativi) per il titolo di <strong>Laurea in Scienze Religiose<\/strong>;<\/li>\n<li style=\"text-align: justify\">accreditamento di 30 crediti formativi ed iscrizione al primo anno del biennio di specializzazione, per il titolo di <strong>Laurea Magistrale in Scienze Religiose<\/strong>.<\/li>\n<\/ul>\n","protected":false},"excerpt":{"rendered":"<p>PRE-IMMATRICOLAZIONE ONLINE \u2013 Dall\u2019aa 2024\/2025 \u00e8 possibile effettuare online la propria domanda di immatricolazione, inoltrandola direttamente alla segreteria dell&#8217;Istituto (clicca qui) Prima di procedere all&#8217;iscrizione \u00e8 richiesto un colloquio con il Direttore (previo appuntamento, da fissare al telefono o di &hellip; <a href=\"https:\/\/www.issrdipadova.it\/?page_id=269\" class=\"more-link\">Continua <span class=\"screen-reader-text\">Iscrizioni<\/span> <span class=\"meta-nav\">&raquo;<\/span><\/a><\/p>\n","protected":false},"author":3,"featured_media":0,"parent":0,"menu_order":0,"comment_status":"closed","ping_status":"open","template":"","meta":{"ip_address":"","user_agent":"","level":"","revision":"","cookie_id":"","page_referer":"","html_form":""},"acf":[],"_links":{"self":[{"href":"https:\/\/www.issrdipadova.it\/index.php?rest_route=\/wp\/v2\/pages\/269"}],"collection":[{"href":"https:\/\/www.issrdipadova.it\/index.php?rest_route=\/wp\/v2\/pages"}],"about":[{"href":"https:\/\/www.issrdipadova.it\/index.php?rest_route=\/wp\/v2\/types\/page"}],"author":[{"embeddable":true,"href":"https:\/\/www.issrdipadova.it\/index.php?rest_route=\/wp\/v2\/users\/3"}],"replies":[{"embeddable":true,"href":"https:\/\/www.issrdipadova.it\/index.php?rest_route=%2Fwp%2Fv2%2Fcomments&post=269"}],"version-history":[{"count":6,"href":"https:\/\/www.issrdipadova.it\/index.php?rest_route=\/wp\/v2\/pages\/269\/revisions"}],"predecessor-version":[{"id":32444,"href":"https:\/\/www.issrdipadova.it\/index.php?rest_route=\/wp\/v2\/pages\/269\/revisions\/32444"}],"wp:attachment":[{"href":"https:\/\/www.issrdipadova.it\/index.php?rest_route=%2Fwp%2Fv2%2Fmedia&parent=269"}],"curies":[{"name":"wp","href":"https:\/\/api.w.org\/{rel}","templated":true}]}}