{"id":266,"date":"2017-07-18T00:00:00","date_gmt":"2017-07-17T22:00:00","guid":{"rendered":"https:\/\/www.issrdipadova.it\/statuto-e-regolamento\/"},"modified":"2022-05-19T15:42:00","modified_gmt":"2022-05-19T13:42:00","slug":"statuto-e-regolamento","status":"publish","type":"page","link":"https:\/\/www.issrdipadova.it\/?page_id=266","title":{"rendered":"Statuto e Regolamenti"},"content":{"rendered":"<p>Dopo la prima approvazione, <em>ad expe\u00adrimentum, <\/em>gli <em><strong>Statuta<\/strong><\/em>\u00a0sono stati riconfermati, con cadenza quinquennale, e rivisti a seguito della pubblicazione della <em>Istruzione sugli Istituti Superiori di Scienze Religiose <\/em>(28 giugno 2008) e della <em>Nota di ricezione dell\u2019\u201cIstruzione sugli Istituti Superiori di Scienze Religiose\u201d <\/em>(30 settembre 2009) disposta dalla Conferenza Episcopale Italiana; il 6 marzo 2018 la Congregazione per l\u2019Educazione Cattolica ha nuovamente approvato, per un altro quinquennio, lo Statuto riveduto secondo le indicazioni recenti.<\/p>\n<p style=\"text-align: justify\">Leggi lo <span style=\"color: #ff6600\"><a href=\"https:\/\/drive.google.com\/file\/d\/1Ctda2mkPkWiOtx-Et8llCW7xRleWVxhe\/view?usp=sharing\" target=\"_blank\" rel=\"noopener noreferrer\"><strong><em>Statuto<\/em><\/strong>.<\/a>..<\/span><\/p>\n<hr \/>\n<p>Il <strong>Regolamento<\/strong> \u00e8 stato approvato dalla Commissione Episcopale per la Facolt\u00e0 Teo\u00adlogica del Triveneto il 16 settembre 2014 (Prot. FTTr n. 80\/14).<\/p>\n<p>Esso contiene le norme generali degli studi, quelle per il conseguimento dei titoli accademici, i diritti ed i doveri degli studenti, le procedure che guidano la quotidiana vita dell\u2019Istituto, delle sue strutture e delle sue autorit\u00e0.<\/p>\n<p style=\"text-align: justify\">Leggi il <span style=\"color: #ff6600\"><a href=\"https:\/\/drive.google.com\/file\/d\/0B4YdhJ4P2E0nbXVReFBZZmprWVE\/view?usp=sharing&amp;resourcekey=0-zRQ0uYX0TdUgoDZq_0uQ6g\" target=\"_blank\" rel=\"noopener noreferrer\"><strong><em>Regolamento<\/em><\/strong><\/a>&#8230;<\/span><\/p>\n<hr \/>\n<p>Nel 2017 il Consiglio d\u2019Istituto ha adottato anche una <strong>normativa in merito all\u2019etica accademica<\/strong> (partendo dal testo sulle <em>Norme di etica accademica <\/em>che la Facolt\u00e0 Teologica del Triveneto aveva approntato in precedenza), avvalendosene per la propria realt\u00e0 accademica a integrazione di quanto gi\u00e0 previsto nello Statuto dagli articoli 27 e 38.<\/p>\n<p>L\u2019Istituto chiede al suo corpo docente e ai suoi studenti un alto livello di impegno e di dedizione, una condotta responsabile e rispettosa degli altri: pertanto queste norme, considerando la disciplina generalmente riconosciuta nel mondo universitario, intendono indicare alcune azioni da considerare come violazioni della disciplina accademica, senza per\u00f2 fornire un elenco esaustivo.<\/p>\n<p style=\"text-align: justify\">Leggi le <span style=\"color: #ff6600\"><a href=\"https:\/\/drive.google.com\/file\/d\/0B4YdhJ4P2E0nV3dqV29rdjBSUnc\/view?usp=sharing&amp;resourcekey=0-bDo8mZR_qDfSbA02gPK8Cw\" target=\"_blank\" rel=\"noopener noreferrer\"><strong><em>Norme di etica accademica<\/em><\/strong><\/a>&#8230;<\/span><\/p>\n<hr \/>\n<p><strong>Riconoscimento dei crediti formativi per la frequenza a singole attivit\u00e0 dell&#8217;Universit\u00e0 degli studi di Padova<\/strong><\/p>\n<p>Leggi la <a href=\"https:\/\/www.fttr.it\/wp-content\/uploads\/2020\/06\/Accordo-Unipd_Facolt%C3%A0TeologicaTriveneto.pdf\" target=\"_blank\" rel=\"noopener noreferrer\"><em><span style=\"color: #ff6600\"><strong>Convenzione<\/strong><\/span><\/em><\/a><\/p>\n","protected":false},"excerpt":{"rendered":"<p>Dopo la prima approvazione, ad expe\u00adrimentum, gli Statuta\u00a0sono stati riconfermati, con cadenza quinquennale, e rivisti a seguito della pubblicazione della Istruzione sugli Istituti Superiori di Scienze Religiose (28 giugno 2008) e della Nota di ricezione dell\u2019\u201cIstruzione sugli Istituti Superiori di &hellip; <a href=\"https:\/\/www.issrdipadova.it\/?page_id=266\" class=\"more-link\">Continua <span class=\"screen-reader-text\">Statuto e Regolamenti<\/span> <span class=\"meta-nav\">&raquo;<\/span><\/a><\/p>\n","protected":false},"author":3,"featured_media":0,"parent":0,"menu_order":0,"comment_status":"closed","ping_status":"open","template":"","meta":{"ip_address":"","user_agent":"","level":"","revision":"","cookie_id":"","page_referer":"","html_form":""},"acf":[],"_links":{"self":[{"href":"https:\/\/www.issrdipadova.it\/index.php?rest_route=\/wp\/v2\/pages\/266"}],"collection":[{"href":"https:\/\/www.issrdipadova.it\/index.php?rest_route=\/wp\/v2\/pages"}],"about":[{"href":"https:\/\/www.issrdipadova.it\/index.php?rest_route=\/wp\/v2\/types\/page"}],"author":[{"embeddable":true,"href":"https:\/\/www.issrdipadova.it\/index.php?rest_route=\/wp\/v2\/users\/3"}],"replies":[{"embeddable":true,"href":"https:\/\/www.issrdipadova.it\/index.php?rest_route=%2Fwp%2Fv2%2Fcomments&post=266"}],"version-history":[{"count":5,"href":"https:\/\/www.issrdipadova.it\/index.php?rest_route=\/wp\/v2\/pages\/266\/revisions"}],"predecessor-version":[{"id":3318,"href":"https:\/\/www.issrdipadova.it\/index.php?rest_route=\/wp\/v2\/pages\/266\/revisions\/3318"}],"wp:attachment":[{"href":"https:\/\/www.issrdipadova.it\/index.php?rest_route=%2Fwp%2Fv2%2Fmedia&parent=266"}],"curies":[{"name":"wp","href":"https:\/\/api.w.org\/{rel}","templated":true}]}}