{"id":258,"date":"2017-04-19T00:00:00","date_gmt":"2017-04-18T22:00:00","guid":{"rendered":"https:\/\/www.issrdipadova.it\/presentazione\/"},"modified":"2022-04-20T12:22:03","modified_gmt":"2022-04-20T10:22:03","slug":"presentazione","status":"publish","type":"page","link":"https:\/\/www.issrdipadova.it\/?page_id=258","title":{"rendered":"Presentazione"},"content":{"rendered":"<p style=\"text-align: justify\"><strong>NATURA E FINALIT\u00c0<\/strong><\/p>\n<p>L\u2019Istituto Superiore di Scienze Religiose (ISSR), promosso dalla Diocesi di Padova, \u00e8 una istituzione accademica ecclesiastica collegata alla <span style=\"color: #ff6600\"><a style=\"color: #ff6600\" href=\"https:\/\/www.fttr.it\" target=\"_blank\" rel=\"noopener noreferrer\">Facolt\u00e0 Teologica del Triveneto<\/a><\/span> ed \u00e8 in sinergia con gli altri Istituti Superiori di Scienze Religiose e gli Istituti Teologici affiliati presenti sul territorio della Regione Conciliare delle Venezie tramite un \u201csistema a rete\u201d. \u00c8 stato eretto il 23 marzo 2006, con decreti della Congregazione per l\u2019Educazione Cattolica (prot. n. 992\/2005).<\/p>\n<p>In questi anni si \u00e8 adeguato alle richieste normative ed ha affrontato le verifiche ecclesiastiche: il \u201c<span style=\"color: #ff6600\"><a style=\"color: #ff6600\" href=\"https:\/\/drive.google.com\/file\/d\/0B4YdhJ4P2E0nY212T0tBcUJxcjQ\/view?usp=sharing\" target=\"_blank\" rel=\"noopener noreferrer\">Rapporto della Commissione esterna per la valutazione della Facolt\u00e0 Teologica del Triveneto e dell\u2019Istituto Superiore di Scienze Religiose di Padova<\/a><\/span>\u201d (cfr. www.avepro.va &#8211; sezione \u201cRapporti valutazione\u201d), stilato dalla Commissione AVEPRO a seguito della visita compiuta dal 6 all\u20198 maggio 2013, certifica che la qualit\u00e0 accademica degli studi (didattica, ricerca, organismi di gestione e di servizio) \u00e8 conforme agli standard indicati dal \u201cProcesso di Bologna\u201d. Uguale parere positivo \u00e8 giunto dalla visita della Commissione del Servizio Nazionale per gli Studi Superiori di Teologia e di Scienze Religiose del 6 febbraio 2014.<\/p>\n<p><strong>ORDINAMENTO DEGLI STUDI E TITOLI CONSEGUITI<\/strong><\/p>\n<p>Il curricolo degli studi ha la durata di cinque anni ed \u00e8 suddiviso in due parti: un triennio e un biennio.<\/p>\n<p>Nel triennio vengono trattate scientificamente tutte le fondamentali discipline teologiche, bibliche e filosofiche che conducono al primo grado accademico di <strong><em>Baccalaureato<strong>\u00a0in<\/strong> Scienze Religiose <\/em><\/strong>(Laurea triennale).<\/p>\n<p>Nel biennio si d\u00e0 spazio alle discipline di specializzazione degli <em>indirizzi pedagogico-didattico<\/em> e <em>artistico-pastorale<\/em> trattati in prospettiva interculturale e di dialogo interreligioso. Il ciclo di specializzazione si conclude con il conseguimento del secondo grado accademico di <strong><em>Licenza in Scienze Religiose <\/em><\/strong>(Laurea magistrale).<\/p>\n<p>Il biennio \u00e8 finalizzato all\u2019apprendimento di requisiti e competenze professionali richiesti agli operatori in ambito culturale ed educativo, scolastico e pastorale. A tale scopo vengono promosse iniziative di ricerca e di approfondimento che consentono allo studente di realizzare un percorso di studi adeguato alle proprie aspettative e attitudini personali. Gli incontri sono aperti a tutti, coinvolgono docenti e studenti dell\u2019Istituto e valgono per l\u2019aggiornamento professionale degli insegnanti di religione cattolica.<\/p>\n<p><strong>La frequenza alle lezioni \u00e8 obbligatoria<\/strong>.<\/p>\n<p><strong>DESTINATARI<\/strong><\/p>\n<p>I corsi intendono offrire una formazione teologica accademica aperta a laici e a religiosi per:<\/p>\n<ul>\n<li>formare gli insegnanti di Religione Cattolica;<\/li>\n<li>l\u2019assunzione di competenze professionali di operatori pastorali, mediatori e facilitatori interculturali;<\/li>\n<li>favorire una pi\u00f9 cosciente e attiva partecipazione ai compiti di evangelizzazione nel mondo contemporaneo.<\/li>\n<\/ul>\n","protected":false},"excerpt":{"rendered":"<p>NATURA E FINALIT\u00c0 L\u2019Istituto Superiore di Scienze Religiose (ISSR), promosso dalla Diocesi di Padova, \u00e8 una istituzione accademica ecclesiastica collegata alla Facolt\u00e0 Teologica del Triveneto ed \u00e8 in sinergia con gli altri Istituti Superiori di Scienze Religiose e gli Istituti &hellip; <a href=\"https:\/\/www.issrdipadova.it\/?page_id=258\" class=\"more-link\">Continua <span class=\"screen-reader-text\">Presentazione<\/span> <span class=\"meta-nav\">&raquo;<\/span><\/a><\/p>\n","protected":false},"author":2,"featured_media":0,"parent":0,"menu_order":0,"comment_status":"closed","ping_status":"open","template":"","meta":{"ip_address":"","user_agent":"","level":"","revision":"","cookie_id":"","page_referer":"","html_form":""},"acf":[],"_links":{"self":[{"href":"https:\/\/www.issrdipadova.it\/index.php?rest_route=\/wp\/v2\/pages\/258"}],"collection":[{"href":"https:\/\/www.issrdipadova.it\/index.php?rest_route=\/wp\/v2\/pages"}],"about":[{"href":"https:\/\/www.issrdipadova.it\/index.php?rest_route=\/wp\/v2\/types\/page"}],"author":[{"embeddable":true,"href":"https:\/\/www.issrdipadova.it\/index.php?rest_route=\/wp\/v2\/users\/2"}],"replies":[{"embeddable":true,"href":"https:\/\/www.issrdipadova.it\/index.php?rest_route=%2Fwp%2Fv2%2Fcomments&post=258"}],"version-history":[{"count":3,"href":"https:\/\/www.issrdipadova.it\/index.php?rest_route=\/wp\/v2\/pages\/258\/revisions"}],"predecessor-version":[{"id":3205,"href":"https:\/\/www.issrdipadova.it\/index.php?rest_route=\/wp\/v2\/pages\/258\/revisions\/3205"}],"wp:attachment":[{"href":"https:\/\/www.issrdipadova.it\/index.php?rest_route=%2Fwp%2Fv2%2Fmedia&parent=258"}],"curies":[{"name":"wp","href":"https:\/\/api.w.org\/{rel}","templated":true}]}}