{"id":1894,"date":"2020-03-04T11:40:37","date_gmt":"2020-03-04T10:40:37","guid":{"rendered":"https:\/\/www.issrdipadova.it\/?page_id=1894"},"modified":"2022-04-20T16:25:59","modified_gmt":"2022-04-20T14:25:59","slug":"faq","status":"publish","type":"page","link":"https:\/\/www.issrdipadova.it\/?page_id=1894","title":{"rendered":"FAQ"},"content":{"rendered":"<p><strong><img loading=\"lazy\" class=\"size-medium wp-image-1897 alignright\" src=\"https:\/\/www.issrdipadova.it\/wp-content\/uploads\/2020\/03\/Deconstructing-Questions-300x225-300x225.jpg\" alt=\"\" width=\"300\" height=\"225\" \/>Domande pi\u00f9 frequenti (Frequently Asked Questions) riguardanti<\/strong><\/p>\n<p><strong> a. l\u2019orientamento allo studio delle Scienze religiose<\/strong><br \/>\n<strong> b. l\u2019iscrizione ai corsi<\/strong><br \/>\n<strong> c. il riconoscimento civile dei gradi accademici ecclesiastici<\/strong><\/p>\n<p>&nbsp;<\/p>\n<p><strong>A. ORIENTAMENTO ALLO STUDIO DELLE SCIENZE RELIGIOSE (ISSR)<\/strong><\/p>\n<p><strong>Quale percorso universitario posso seguire per avere una formazione teologica?<\/strong><br \/>\nL\u2019offerta formativa della Facolt\u00e0 Teologica del Triveneto \u00e8 strutturata in due percorsi universitari: Teologia e Scienze religiose.<br \/>\nIl percorso di Scienze religiose offre la conoscenza degli elementi principali della teologia e dei suoi presupposti filosofici e complementari delle scienze umane. Il percorso \u00e8 disponibile negli Istituti superiori di Scienze religiose collegati alla Facolt\u00e0 ed \u00e8 articolato in un <span style=\"color: #3366ff\">triennio (<a href=\"https:\/\/www.issrdipadova.it\/baccalaureato-in-scienze-religiose\/\" target=\"_blank\" rel=\"noopener noreferrer\">Baccalaureato in Scienze religiose<\/a>)<\/span> e in un <span style=\"color: #3366ff\">biennio (<a href=\"https:\/\/www.issrdipadova.it\/licenza-in-laurea-scienze-religiose\/\" target=\"_blank\" rel=\"noopener noreferrer\">Licenza in Scienze religiose<\/a>)<\/span>.<br \/>\nIl percorso di Teologia offre una conoscenza completa e organica della teologia cristiana in dialogo con la filosofia e le scienze umane. A Padova, nella sede della Facolt\u00e0, \u00e8 disponibile il percorso completo articolato nei tre gradi accademici di baccalaureato (primo ciclo quinquennale), licenza (secondo ciclo biennale) e dottorato (terzo ciclo) (<span style=\"color: #3366ff\"><a style=\"color: #3366ff\" href=\"https:\/\/www.fttr.it\/offerta-formativa\/percorso-di-teologia\/\" target=\"_blank\" rel=\"noopener noreferrer\">clicca qui<\/a><\/span>).<br \/>\nAltri percorsi di livello non accademico vengono offerti dalle Scuole diocesane di formazione teologica.<\/p>\n<p><strong>Quali sono gli sbocchi professionali?<\/strong><br \/>\nLa maggior parte degli studenti si orienta verso la professione di insegnante di religione cattolica nelle scuole pubbliche e private di ogni ordine e grado. Alcuni studenti, dopo aver completato gli studi, si sono dedicati a progetti umanitari, missionari e di volontariato, al servizio delle chiese locali. Una parte degli studenti e delle studentesse \u00e8 orientata all\u2019apostolato della vita consacrata.<br \/>\nGiovani e adulti si iscrivono a singoli corsi, come uditori, per coltivare un interesse personale verso tematiche fondamentali e di attualit\u00e0 che spaziano dalla Bibbia all\u2019etica, dal pluralismo religioso al dialogo fra teologia e scienze, dalle questioni sociali all\u2019arte.<\/p>\n<p><strong>Quale percorso posso seguire per insegnare religione cattolica nella scuola pubblica e privata di ogni ordine e grado?<\/strong><br \/>\nIn base all\u2019Intesa MIUR-CEI del 28 giugno 2012, nelle scuole secondarie di primo e di secondo grado l\u2019insegnamento della religione cattolica pu\u00f2 essere affidato a chi abbia almeno uno dei seguenti titoli: baccalaureato, licenza o dottorato in Teologia; Licenza in Scienze religiose (Laura magistrale). Coloro che scelgono il percorso teologico sono tenuti a frequentare e sostenere alcuni esami per la qualificazione professionale dell\u2019insegnante di religione cattolica: Pedagogia generale, Teoria della scuola e legislazione scolastica, Didattica irc e Tirocinio didattico.<br \/>\nEsistono dei limiti di et\u00e0 o di livello scolastico che precludono l\u2019accesso allo studio delle Scienze religiose?<br \/>\nNon sono previsti limiti di et\u00e0 per l\u2019iscrizione. Lo studente ordinario deve essere in possesso di un titolo di studio valido secondo le leggi civili per l\u2019ammissione agli studi universitari. Chi non \u00e8 in possesso di tale titolo viene iscritto come studente straordinario.<\/p>\n<p><strong>Sono un lavoratore\/trice. La frequenza alle lezioni \u00e8 obbligatoria?<\/strong><br \/>\nLo studio della teologia richiede la partecipazione attiva e regolare alle lezioni. Coloro che non possono frequentare tutte le lezioni sono tenuti a essere presenti ad almeno i due terzi delle ore complessive del corso per avere diritto a sostenere l\u2019esame.<\/p>\n<p><strong>\u00c8 necessaria la conoscenza delle lingue antiche (greco, latino, ebraico)?<\/strong><br \/>\nLa conoscenza delle lingue antiche non \u00e8 richiesta per il percorso di Scienze religiose.<\/p>\n<p><strong>I corsi sono disponibili online?<\/strong><br \/>\nAl momento non \u00e8 prevista la possibilit\u00e0 di formazione teologica online tranne quella \u2018a distanza\u2019 (FAD) attiva nel polo didattico di Belluno dell\u2019<span style=\"color: #3366ff\"><a style=\"color: #3366ff\" href=\"https:\/\/www.issrgp1.it\/\" target=\"_blank\" rel=\"noopener noreferrer\">Istituto superiore di Scienze religiose \u201cGiovanni Paolo I\u201d<\/a><\/span> che ha sede a Treviso.<\/p>\n<p><strong>Posso usufruire dei servizi della biblioteca della Facolt\u00e0 anche se non sono iscritto\/a all\u2019Istituto superiore di Scienze religiose?<\/strong><br \/>\nS\u00ec, per la modalit\u00e0 di iscrizione ci si deve rivolgere alla Biblioteca scrivendo a <span style=\"color: #3366ff\"><a style=\"color: #3366ff\" href=\"mailto:biblioteca@fttr.it\" target=\"_blank\" rel=\"noopener noreferrer\">biblioteca@fttr.it<\/a><\/span> oppure consultando il sito<span style=\"color: #3366ff\"> <a style=\"color: #3366ff\" href=\"http:\/\/www.bibliotecafttr.it\" target=\"_blank\" rel=\"noopener noreferrer\">www.bibliotecafttr.it<\/a><\/span><\/p>\n<p><strong>\u00c8 possibile detrarre dalle tasse le spese per le iscrizioni ai corsi?<\/strong><br \/>\nS\u00ec, essendo la Facolt\u00e0 riconosciuta dallo Stato italiano, le tasse sono detraibili al 19% nella misura massima stabilita ogni anno dal MIUR (area disciplinare \u201cumanistico-sociale\u201d), sulla base della media degli importi delle tasse e contributi dovuti per l\u2019iscrizione e la frequenza delle Universit\u00e0 statali. Per informazioni riguardo alle tasse consultare <span style=\"color: #3366ff\"><a style=\"color: #3366ff\" href=\"https:\/\/www.issrdipadova.it\/tasse\" target=\"_blank\" rel=\"noopener noreferrer\">questa pagina<\/a><\/span>.<\/p>\n<p>&nbsp;<\/p>\n<p><strong>B. ISCRIZIONE AI CORSI<\/strong><\/p>\n<p><strong>Quali sono le condizioni per l\u2019iscrizione?<\/strong><br \/>\nLe condizioni per l\u2019immatricolazione e per l\u2019iscrizione sono descritte nel Regolamento dell\u2019ISSR (artt. 40ss: scarica il <span style=\"color: #3366ff\"><a style=\"color: #3366ff\" href=\"https:\/\/www.issrdipadova.it\/statuto-e-regolamento\" target=\"_blank\" rel=\"noopener noreferrer\">Regolamento<\/a><\/span>). Si precisa che possono iscriversi coloro che sono in possesso di un titolo di studio valido secondo le leggi civili dei diversi Paesi per l\u2019ammissione agli studi universitari.<\/p>\n<p><strong>Gli studenti stranieri sono tenuti a presentare documentazione ulteriore?<\/strong><br \/>\nS\u00ec, devono presentare la traduzione del titolo di studio richiesto per l\u2019ammissione all\u2019Universit\u00e0 civile del Paese di provenienza e un\u2019autocertificazione nella quale si dichiara che tale titolo consente l\u2019accesso all\u2019Universit\u00e0 nella propria nazione e di non essere iscritti in altre realt\u00e0 accademiche. All\u2019art. 40 h del Regolamento vengono elencati altri documenti da presentare alla Segreteria al momento dell\u2019iscrizione.<\/p>\n<p><strong>Ho una laurea civile. Mi vengono riconosciuti dei crediti formativi (CFU\/ECTS) se intraprendo il percorso di Scienze religiose?<\/strong><br \/>\n\u00c8 possibile chiedere l\u2019omologazione di corsi ed esami sostenuti presso le Universit\u00e0 civili a condizione che corrispondano per numero di crediti, programmi e idoneit\u00e0 dei docenti. La richiesta di omologazione dei corsi deve essere presentata al Direttore al momento dell\u2019iscrizione, accompagnata da un certificato degli studi compiuti.<\/p>\n<p><strong>Possono essere riconosciuti gli esami sostenuti presso una Scuola diocesana di formazione teologica?<\/strong><br \/>\nNo, in quanto la Scuola di formazione teologica non \u00e8 di livello accademico.<\/p>\n<p><strong>Ho il diploma di magistero in Scienze religiose (vecchio ordinamento, 4 anni): che cosa mi viene chiesto per conseguire il diploma di baccalaureato oppure quello di laurea magistrale in Scienze religiose?<\/strong><br \/>\nPer conseguire il baccalaureato in Teologia viene chiesto di frequentare i corsi e sostenere i rispettivi esami per conseguire il nuovo titolo accademico, dopo avere ottenuto l\u2019omologazione dei corsi presenti nel piano studi per il magistero. In modo simile per il conseguimento della laurea magistrale in Scienze religiose: si viene iscritti direttamente al corso di laurea magistrale con l\u2019accredito di circa 30 ECTS. In ambedue i casi si dovr\u00e0 concordare il piano studi con il Direttore del ciclo a cui ci si intende iscrivere.<\/p>\n<p><strong>Con i titoli di Baccalaureato<\/strong> (Laurea triennale) e<strong> di Licenza<\/strong> (Laurea magistrale)<strong> in Scienze religiose, a quale anno del primo ciclo di Teologia posso essere iscritto?<\/strong><br \/>\nL\u2019anno a cui si viene iscritti viene stabilito sulla base delle omologazioni ottenute e del numero di crediti (ECTS) riconosciuti che potrebbero essere pari a tre anni (180). I corsi del biennio in Scienze religiose difficilmente vengono omologati perch\u00e9 non presenti nel piano studi del baccalaureato.<\/p>\n<p><strong>Sono in possesso della Licenza in Scienze religiose (nuovo ordinamento, 3+2). Posso iscrivermi al biennio di specializzazione in Teologia (pastorale\/spirituale)?<\/strong><br \/>\nNo, in quanto occorre prima conseguire il titolo di baccalaureato in Teologia. Se per\u00f2 non si desidera conseguire il titolo di licenza, \u00e8 possibile frequentare i corsi come studente uditore.<br \/>\nPer informazioni sul percorso di licenza <span style=\"color: #3366ff\"><a style=\"color: #3366ff\" href=\"https:\/\/www.fttr.it\/offerta-formativa\/percorso-di-teologia\/ciclo-di-licenza-2\/secondo-ciclo-presentazione\/\" target=\"_blank\" rel=\"noopener noreferrer\">clicca qui<\/a><\/span>.<\/p>\n<p>&nbsp;<\/p>\n<p><strong>C. RICONOSCIMENTO CIVILE DEI TITOLI<\/strong><\/p>\n<p><strong>La Facolt\u00e0 Teologica del Triveneto \u00e8 riconosciuta dallo Stato italiano?<\/strong><br \/>\nLa Facolt\u00e0 Teologica del Triveneto \u00e8 stata eretta con decreto del 20 giugno 2005 dalla Congregazione per l\u2019Educazione Cattolica (Santa Sede). Ha ottenuto il riconoscimento civile con decreto del 10 marzo 2006 del Ministro dell\u2019Interno e successivamente \u00e8 stata iscritta al registro prefettizio delle persone giuridiche della Prefettura di Padova al n. 36 P.<\/p>\n<p><strong>I titoli accademici in Scienze religiose sono riconosciuti dalla Repubblica italiana?<\/strong><br \/>\nS\u00ec, \u00e8 possibile ottenere il riconoscimento civile dei gradi accademici come laurea e laurea magistrale dell\u2019ordinamento didattico universitario sulla base del DPR del 27 maggio 2019 di approvazione dello scambio di Note verbali sul riconoscimento dei titoli accademici pontifici nelle discipline ecclesiastiche tra l\u2019Ambasciata d\u2019Italia presso la Santa Sede e la Segreteria di Stato (13 febbraio 2019). Per ulteriori informazioni sulla procedura di vidimazione\u00a0<a href=\"http:\/\/www.educatio.va\/content\/cec\/it\/vidimazioni.html\" target=\"_blank\" rel=\"noopener noreferrer\">clicca qui<\/a>.<\/p>\n<p><strong>A chi ci si deve rivolgere per richiedere la documentazione per l\u2019avvio della procedura di riconoscimento civile dei titoli?<\/strong><br \/>\nAlla Segreteria della Facolt\u00e0 o dell\u2019Istituto presso il quale \u00e8 stato conseguito il titolo di cui si intende ottenere il riconoscimento civile.<\/p>\n<p><strong>Quale documentazione viene richiesta per il riconoscimento civile?<\/strong><br \/>\nIl certificato di iscrizione e di studi compiuti, il\u00a0<em>diploma supplement<\/em>\u00a0e la pergamena del titolo in originale.<\/p>\n<p><strong>Ai fini dell\u2019accesso al Concorso docenti e al TFA sostegno, visto il decreto legislativo del 13 aprile 2017 (D.M. n. 616) un Istituto superiore di Scienze religiose pu\u00f2 certificare i 24 ECTS negli ambiti: psicologia dell\u2019educazione, antropologia culturale, pedagogia generale e sociale, metodologie e tecnologie didattiche?<\/strong><br \/>\nNo, in quanto non c\u2019\u00e8 piena coerenza dei programmi di un Istituto superiore di Scienze religiose con gli obiettivi formativi indicati nel D.M. 616, definiti nell\u2019allegato A che fa parte integrante del Decreto.<\/p>\n<p>Per ulteriori informazioni rivolgersi a: <span style=\"color: #3366ff\"><a style=\"color: #3366ff\" href=\"mailto:segreteria@issrdipadova.it\" target=\"_blank\" rel=\"noopener noreferrer\">segreteria@issrdipadova.it<\/a><\/span><\/p>\n","protected":false},"excerpt":{"rendered":"<p>Domande pi\u00f9 frequenti (Frequently Asked Questions) riguardanti a. l\u2019orientamento allo studio delle Scienze religiose b. l\u2019iscrizione ai corsi c. il riconoscimento civile dei gradi accademici ecclesiastici &nbsp; A. ORIENTAMENTO ALLO STUDIO DELLE SCIENZE RELIGIOSE (ISSR) Quale percorso universitario posso seguire &hellip; <a href=\"https:\/\/www.issrdipadova.it\/?page_id=1894\" class=\"more-link\">Continua <span class=\"screen-reader-text\">FAQ<\/span> <span class=\"meta-nav\">&raquo;<\/span><\/a><\/p>\n","protected":false},"author":3,"featured_media":0,"parent":0,"menu_order":0,"comment_status":"closed","ping_status":"closed","template":"","meta":{"ip_address":"","user_agent":"","level":"","revision":"","cookie_id":"","page_referer":"","html_form":""},"acf":[],"_links":{"self":[{"href":"https:\/\/www.issrdipadova.it\/index.php?rest_route=\/wp\/v2\/pages\/1894"}],"collection":[{"href":"https:\/\/www.issrdipadova.it\/index.php?rest_route=\/wp\/v2\/pages"}],"about":[{"href":"https:\/\/www.issrdipadova.it\/index.php?rest_route=\/wp\/v2\/types\/page"}],"author":[{"embeddable":true,"href":"https:\/\/www.issrdipadova.it\/index.php?rest_route=\/wp\/v2\/users\/3"}],"replies":[{"embeddable":true,"href":"https:\/\/www.issrdipadova.it\/index.php?rest_route=%2Fwp%2Fv2%2Fcomments&post=1894"}],"version-history":[{"count":3,"href":"https:\/\/www.issrdipadova.it\/index.php?rest_route=\/wp\/v2\/pages\/1894\/revisions"}],"predecessor-version":[{"id":3223,"href":"https:\/\/www.issrdipadova.it\/index.php?rest_route=\/wp\/v2\/pages\/1894\/revisions\/3223"}],"wp:attachment":[{"href":"https:\/\/www.issrdipadova.it\/index.php?rest_route=%2Fwp%2Fv2%2Fmedia&parent=1894"}],"curies":[{"name":"wp","href":"https:\/\/api.w.org\/{rel}","templated":true}]}}