{"id":1237,"date":"2018-08-24T10:35:23","date_gmt":"2018-08-24T08:35:23","guid":{"rendered":"https:\/\/www.issrdipadova.it\/?page_id=1237"},"modified":"2018-11-16T09:20:33","modified_gmt":"2018-11-16T08:20:33","slug":"archivio-tesi","status":"publish","type":"page","link":"https:\/\/www.issrdipadova.it\/?page_id=1237","title":{"rendered":"Archivio Tesi"},"content":{"rendered":"<p style=\"text-align: center;\"><strong>Catalogo delle tesi della Facolt\u00e0 Teologica del Triveneto\u00a0<\/strong><strong>e dell\u2019ISSR di Padova<\/strong><\/p>\n<p><img loading=\"lazy\" class=\" wp-image-1238 aligncenter\" src=\"https:\/\/www.issrdipadova.it\/wp-content\/uploads\/2018\/08\/archivio-300x169.jpg\" alt=\"\" width=\"325\" height=\"183\" srcset=\"https:\/\/www.issrdipadova.it\/wp-content\/uploads\/sites\/3\/2018\/08\/archivio-300x169.jpg 300w, https:\/\/www.issrdipadova.it\/wp-content\/uploads\/sites\/3\/2018\/08\/archivio-360x203.jpg 360w, https:\/\/www.issrdipadova.it\/wp-content\/uploads\/sites\/3\/2018\/08\/archivio.jpg 633w\" sizes=\"(max-width: 325px) 100vw, 325px\" \/><\/p>\n<blockquote>\n<p style=\"text-align: justify;\">La Facolt\u00e0 Teologica del Triveneto si \u00e8 dotata di un\u00a0<strong>\u201crepository\u201d<\/strong>, cio\u00e8 di un archivio web in grado di conservare i dati e i contenuti delle tesi prodotte dagli studenti nel corso degli anni. L&#8217;ISSR di Padova usufruisce anch&#8217;esso del servizio offerto.<\/p>\n<p style=\"text-align: justify;\">L\u2019archivio \u00e8 parzialmente pubblico e, grazie a una maschera di ricerca unica, \u00e8 possibile agli utenti esterni consultare i dati delle opere inserite (autore, titolo, relatore, <em>abstract<\/em>) e, in base alle liberatorie fornite dagli autori delle tesi, si pu\u00f2 visualizzare l\u2019opera\u00a0<em>full text<\/em>. Questo importante passaggio mette la Facolt\u00e0 teologica del Triveneto al passo con le Universit\u00e0 statali, dove il catalogo delle tesi on line \u00e8 ormai una realt\u00e0.<\/p>\n<p style=\"text-align: justify;\">Il progetto si rivolge a un pubblico molto ampio, con l\u2019intento di\u00a0<strong>far circolare, anche in ambito universitario, la produzione teologica<\/strong>. Le tesi inserite, infatti, saranno rintracciabili anche attraverso i cataloghi delle biblioteche, offrendo cos\u00ec a queste opere la possibilit\u00e0 di essere consultate dal pi\u00f9 ampio pubblico dei ricercatori:\u00a0<span style=\"color: #ff6600;\"><a style=\"color: #ff6600;\" href=\"https:\/\/www.fttr.it\/thesisfttr-e-on-line-il-catalogo-delle-tesi-della-facolta\/\" target=\"_blank\">vedi la notizia dal sito FTTr.<\/a><\/span><\/p>\n<\/blockquote>\n<p style=\"text-align: justify;\">Il catalogo contiene tutte le dissertazioni dottorali, le tesi di Licenza, gli elaborati di Baccalaureato e le <strong>tesi di Laurea e di Laurea magistrale in Scienze religiose<\/strong> discussi dal 2005 a oggi.<\/p>\n<p style=\"text-align: center;\"><strong>Procedura di inserimento delle tesi.<\/strong><\/p>\n<p style=\"text-align: justify;\">Le tesi in formato digitale\u00a0<strong>vengono caricate direttamente dai laureandi<\/strong>, collegandosi\u00a0all\u2019indirizzo\u00a0<span style=\"color: #ff6600;\"><strong><a style=\"color: #ff6600;\" href=\"http:\/\/www.thesisfttr.it\/\">www.thesisfttr.it<\/a><\/strong><\/span>, cliccando sul tasto &#8220;<span style=\"color: #ff6600;\"><a style=\"color: #ff6600;\" href=\"https:\/\/www.thesisfttr.it\/invia-tesi\" target=\"_blank\">Invia tesi<\/a><\/span>&#8221; (in alto a destra) e seguendo le successive indicazioni l\u00ec fornite (il documento caricato dovr\u00e0 essere un\u00a0unico file, comprensivo del frontespizio, in formato pdf).<\/p>\n<p style=\"text-align: justify;\">Tale procedura sostituisce la consegna del file pdf alla Segreteria e, insieme alla compilazione della\u00a0<span style=\"color: #ff6600;\"><a style=\"color: #ff6600;\" href=\"https:\/\/www.thesisfttr.it\/liberatoria\" target=\"_blank\"><strong>liberatoria<\/strong><\/a><\/span>, costituisce <strong>requisito necessario per l&#8217;iscrizione all&#8217;esame di Grado<\/strong>.<\/p>\n","protected":false},"excerpt":{"rendered":"<p>Catalogo delle tesi della Facolt\u00e0 Teologica del Triveneto\u00a0e dell\u2019ISSR di Padova La Facolt\u00e0 Teologica del Triveneto si \u00e8 dotata di un\u00a0\u201crepository\u201d, cio\u00e8 di un archivio web in grado di conservare i dati e i contenuti delle tesi prodotte dagli studenti &hellip; <a href=\"https:\/\/www.issrdipadova.it\/?page_id=1237\" class=\"more-link\">Continua <span class=\"screen-reader-text\">Archivio Tesi<\/span> <span class=\"meta-nav\">&raquo;<\/span><\/a><\/p>\n","protected":false},"author":3,"featured_media":0,"parent":0,"menu_order":0,"comment_status":"closed","ping_status":"closed","template":"","meta":{"ip_address":"","user_agent":"","level":"","revision":"","cookie_id":"","page_referer":"","html_form":""},"acf":[],"_links":{"self":[{"href":"https:\/\/www.issrdipadova.it\/index.php?rest_route=\/wp\/v2\/pages\/1237"}],"collection":[{"href":"https:\/\/www.issrdipadova.it\/index.php?rest_route=\/wp\/v2\/pages"}],"about":[{"href":"https:\/\/www.issrdipadova.it\/index.php?rest_route=\/wp\/v2\/types\/page"}],"author":[{"embeddable":true,"href":"https:\/\/www.issrdipadova.it\/index.php?rest_route=\/wp\/v2\/users\/3"}],"replies":[{"embeddable":true,"href":"https:\/\/www.issrdipadova.it\/index.php?rest_route=%2Fwp%2Fv2%2Fcomments&post=1237"}],"version-history":[{"count":3,"href":"https:\/\/www.issrdipadova.it\/index.php?rest_route=\/wp\/v2\/pages\/1237\/revisions"}],"predecessor-version":[{"id":1370,"href":"https:\/\/www.issrdipadova.it\/index.php?rest_route=\/wp\/v2\/pages\/1237\/revisions\/1370"}],"wp:attachment":[{"href":"https:\/\/www.issrdipadova.it\/index.php?rest_route=%2Fwp%2Fv2%2Fmedia&parent=1237"}],"curies":[{"name":"wp","href":"https:\/\/api.w.org\/{rel}","templated":true}]}}